{"id":117,"date":"2025-03-18T11:27:12","date_gmt":"2025-03-18T10:27:12","guid":{"rendered":"https:\/\/qualiscope-audit.com\/?page_id=117"},"modified":"2025-03-25T12:44:35","modified_gmt":"2025-03-25T11:44:35","slug":"cgv","status":"publish","type":"page","link":"https:\/\/qualiscope-audit.com\/index.php\/cgv\/","title":{"rendered":"CGV"},"content":{"rendered":"\n<p>CONDITIONS GENERALES DE PRESTATIONS DE SERVICES<br>CLIENTS PROFESSIONNELS<\/p>\n\n\n\n<p><strong>1 &#8211; Champ d\u2019application \u2013 Acceptation et opposabilit\u00e9<\/strong><\/p>\n\n\n\n<p>Les pr\u00e9sentes conditions g\u00e9n\u00e9rales de prestations de services ont pour objet de r\u00e9gir les<br>relations contractuelles entre Madame Agn\u00e8s LIONNET (\u00ab le Prestataire \u00bb), domicili\u00e9e 16,<br>Chemin de la Vidal\u00e8se \u2013 81100 CASTRES (Tarn), exer\u00e7ant sous forme d\u2019entreprise<br>individuelle (SIRET N\u00b0 94057838800016) sous le nom commercial QUALISCOPE AUDIT &amp;<br>CONSEIL, et ses clients professionnels (\u00ab le Client \u00bb) dans le cadre de la r\u00e9alisation de<br>prestations de services (\u00ab les Services \u00bb).<br>Le contrat de prestations de services est constitu\u00e9 des pr\u00e9sentes conditions g\u00e9n\u00e9rales de<br>prestations de services et du devis \u00e9tabli par le Prestataire.<br>Le Client d\u00e9clare avoir pris connaissance de ces documents pr\u00e9alablement \u00e0 la passation de<br>sa commande, \u00e9tant pr\u00e9cis\u00e9 que toute commande de Services implique de la part du Client<br>l&rsquo;acceptation sans r\u00e9serve des pr\u00e9sentes conditions g\u00e9n\u00e9rales de prestations de services, qui<br>pr\u00e9valent sur tout autre document.<br>Le fait pour le Prestataire de ne pas se pr\u00e9valoir \u00e0 un moment donn\u00e9 de l&rsquo;une quelconque des<br>clauses des pr\u00e9sentes ne peut valoir renonciation \u00e0 se pr\u00e9valoir ult\u00e9rieurement de ces m\u00eames<br>clauses.<br>Le Prestataire se r\u00e9serve le droit de modifier \u00e0 tout moment, et ce sans pr\u00e9avis, les pr\u00e9sentes<br>conditions g\u00e9n\u00e9rales de prestations de services. La version des conditions g\u00e9n\u00e9rales<br>applicable \u00e0 la commande du client est celle en vigueur au moment de la commande.<\/p>\n\n\n\n<p><strong>2 &#8211; Nature des Services<\/strong><\/p>\n\n\n\n<p>Le Prestataire r\u00e9alise les prestations de services suivantes, en fonction de la mission confi\u00e9e<br>par le Client :<\/p>\n\n\n\n<p>CONSEIL \/ ACCOMPAGNEMENT QUALITE :<\/p>\n\n\n\n<ul class=\"wp-block-list\">\n<li>Responsable QSE \u00e0 temps partag\u00e9<\/li>\n\n\n\n<li>Optimisation du syst\u00e8me de management QSE<\/li>\n\n\n\n<li>Accompagnement vers la certification<\/li>\n\n\n\n<li>Mise en conformit\u00e9 du syst\u00e8me<\/li>\n<\/ul>\n\n\n\n<p>AUDIT &amp; DIAGNOSTIC :<\/p>\n\n\n\n<ul class=\"wp-block-list\">\n<li>Diagnostic organisationnel<\/li>\n\n\n\n<li>Audit interne QSE<\/li>\n<\/ul>\n\n\n\n<p><strong>3 &#8211; Propri\u00e9t\u00e9 intellectuelle<\/strong><\/p>\n\n\n\n<p>Le Prestataire dispose de tous les droits de propri\u00e9t\u00e9 intellectuelle sur tous les documents<br>commerciaux et techniques utilis\u00e9s et r\u00e9alis\u00e9s en vue de la fourniture des Services.<br>L\u2019ensemble des fiches de pr\u00e9sentation, contenus et supports p\u00e9dagogiques, quelle qu\u2019en soit<br>la forme (papier, \u00e9lectronique, num\u00e9rique, orale, etc.), utilis\u00e9s par le Prestataire pour assurer<br>les formations ou remis au Client, constituent des \u0153uvres originales prot\u00e9g\u00e9es par les lois<br>relatives \u00e0 la propri\u00e9t\u00e9 intellectuelle.<br>Le Client s\u2019engage \u00e0 ne faire aucun usage de ces documents susceptible de porter atteinte \u00e0<br>ces droits.<br>Le Client s\u2019interdit d\u2019utiliser, reproduire, diffuser, exploiter, modifier ou corriger ces documents<br>et tout autre droit de propri\u00e9t\u00e9 intellectuelle appartenant au Prestataire sans son autorisation<br>pr\u00e9alable, expresse et \u00e9crite.<br>Cette interdiction s\u2019applique notamment \u00e0 toute utilisation visant \u00e0 organiser ou animer des<br>formations, que ce soit \u00e0 titre gratuit ou on\u00e9reux.<\/p>\n\n\n\n<p>En aucun cas, la prestation fournie par le Prestataire ne constitue une cession des droits de<br>propri\u00e9t\u00e9 intellectuelle portant sur les m\u00e9thodes, savoir-faire, outils et mod\u00e8les utilis\u00e9s dans le<br>cadre de la mission qui restent la propri\u00e9t\u00e9 exclusive du Prestataire.<\/p>\n\n\n\n<p><strong>4 &#8211; Devis et commandes<\/strong><\/p>\n\n\n\n<p>Le Prestataire \u00e9tabli un devis pr\u00e9cisant les \u00e9l\u00e9ments suivants : identit\u00e9 du Prestataire,<br>description de la prestation, prix de la prestation, modalit\u00e9s de paiement, d\u00e9lais de r\u00e9alisation,<br>rappel de l\u2019adh\u00e9sion et de l\u2019acceptation pleine et enti\u00e8re du Client aux conditions g\u00e9n\u00e9rales de<br>prestations de services.<br>La commande ne sera consid\u00e9r\u00e9e comme d\u00e9finitive qu\u2019apr\u00e8s validation par le Client qui datera<br>et signera le devis et\/ou le bon de commande, en y apposant la mention manuscrite \u00ab bon<br>pour accord \u00bb.<br>L\u2019acceptation expresse du devis par le Client est une condition pr\u00e9alable \u00e0 l\u2019ex\u00e9cution des<br>prestations.<br>Toute modification du p\u00e9rim\u00e8tre de la mission devra faire l\u2019objet d\u2019un avenant au devis initial.<br>Le Prestataire se r\u00e9serve le droit d&rsquo;annuler ou de refuser toute commande d&rsquo;un Client avec<br>lequel il existerait un litige relatif au paiement d&rsquo;une commande ant\u00e9rieure.<\/p>\n\n\n\n<p><strong>5 &#8211; Prix &#8211; Modalit\u00e9s de r\u00e8glement &#8211; Retard de paiement<\/strong><\/p>\n\n\n\n<p>Les prix des Services sont fix\u00e9s par le tarif en vigueur au jour de l\u2019\u00e9tablissement du devis. Ils<br>s&rsquo;entendent toujours en euros et toutes taxes comprises TTC.<br>Sauf convention contraire, les factures sont payables par virement bancaire dans un d\u00e9lai de<br>30 jours \u00e0 compter de leur \u00e9mission.<br>Lorsque le paiement est \u00e9chelonn\u00e9, le non-paiement d&rsquo;une seule \u00e9ch\u00e9ance par le Client<br>entra\u00eenera l&rsquo;exigibilit\u00e9 imm\u00e9diate de la totalit\u00e9 de la dette, sans mise en demeure.<br>En cas de retard de paiement, le Prestataire pourra suspendre l&rsquo;ex\u00e9cution de toutes les<br>prestations en cours, sans pr\u00e9judice de toute autre voie d&rsquo;action.<\/p>\n\n\n\n<p><strong>Toute somme non pay\u00e9e \u00e0 l&rsquo;\u00e9ch\u00e9ance pr\u00e9vue, donnera lieu, de plein droit et sans mise<br>en demeure pr\u00e9alable, au paiement de p\u00e9nalit\u00e9s de retard calcul\u00e9es au taux d\u2019int\u00e9r\u00eat<br>l\u00e9gal multipli\u00e9 par trois.<br>Toute somme non pay\u00e9e \u00e0 sa date d\u2019exigibilit\u00e9 produira, en sus des indemnit\u00e9s de<br>retard, de plein droit le paiement d\u2019une indemnit\u00e9 forfaitaire de 40 \u20ac due au titre des frais<br>de recouvrement. Cette indemnit\u00e9 pourra \u00eatre compl\u00e9t\u00e9e si les frais de recouvrement<br>entrain\u00e9s par le retard de paiement s\u2019av\u00e8rent \u00eatre sup\u00e9rieurs \u00e0 ce montant.<br>Pas d\u2019escompte pour r\u00e8glement comptant ou anticip\u00e9 sauf accord \u00e9crit.<\/strong><\/p>\n\n\n\n<p><strong>6 &#8211; Frais<\/strong><\/p>\n\n\n\n<p>Les frais engag\u00e9s pas le Prestataire, n\u00e9cessaires \u00e0 l\u2019ex\u00e9cution de la prestation, &#8211; comme<br>notamment et de mani\u00e8re non-exhaustive, les frais de d\u00e9placement, les frais d\u2019h\u00e9bergement,<br>les frais de repas, etc., &#8211; seront factur\u00e9s au r\u00e9el au Client sur pr\u00e9sentation des justificatifs<br>correspondant.<\/p>\n\n\n\n<p><strong>7 &#8211; Modalit\u00e9s de fourniture des Services<\/strong><\/p>\n\n\n\n<p><strong><em>7.1 \u2013 Obligations du Prestataire<\/em><\/strong><\/p>\n\n\n\n<p>Le d\u00e9tail de la mission fait l\u2019objet d\u2019un descriptif pr\u00e9cis des prestations figurant dans le devis.<br>Les prestations, comportant un temps de travail effectu\u00e9 en pr\u00e9sentiel ainsi qu\u2019en distanciel,<br>sont ex\u00e9cut\u00e9es conform\u00e9ment aux modalit\u00e9s pr\u00e9vues dans le devis.<br>Le Prestataire n\u2019est tenu que d\u2019une obligation de moyen envers le Client.<\/p>\n\n\n\n<p>Le Prestataire s\u2019engage \u00e0 ex\u00e9cuter les prestations d\u00e9finies avec diligence, professionnalisme<br>et selon les r\u00e8gles de l\u2019art en vigueur dans son domaine d\u2019activit\u00e9 avec tout le soin requis pour<br>garantir un service de qualit\u00e9.<br>Le Prestataire s\u2019engage \u00e0 mettre en \u0153uvre tous les moyens humains, techniques et mat\u00e9riels<br>n\u00e9cessaires pour atteindre l\u2019objectif d\u00e9fini, sans pour autant garantir un r\u00e9sultat pr\u00e9cis.<\/p>\n\n\n\n<p><strong><em>7.2 \u2013 Obligations du Client<\/em><\/strong><\/p>\n\n\n\n<p>Le Client s\u2019engage \u00e0 mettre \u00e0 disposition du Prestataire tout le mat\u00e9riel et toutes les<br>informations n\u00e9cessaires \u00e0 la bonne ex\u00e9cution des prestations, et ce, d\u00e8s le d\u00e9marrage de la<br>mission. Il garantit notamment, mais sans s\u2019y limiter, la fourniture d\u2019un acc\u00e8s au r\u00e9seau Internet<br>et (ou) Intranet, ainsi que tout autre acc\u00e8s ou ressource pertinents permettant le bon<br>d\u00e9roulement des prestations.<br>Le Client s\u2019engage \u00e9galement \u00e0 transmettre toutes les informations et ressources n\u00e9cessaires<br>\u00e0 la bonne r\u00e9alisation des prestations afin d\u2019assurer une collaboration efficace avec le<br>Prestataire.<\/p>\n\n\n\n<p><strong>8 \u2013 Propri\u00e9t\u00e9 des r\u00e9sultats<\/strong><\/p>\n\n\n\n<p>De mani\u00e8re non limitative, les \u00e9tudes, rapports, analyses, livrables, documents, etc., et, de<br>mani\u00e8re plus g\u00e9n\u00e9rale, tout autre r\u00e9sultat produit par le Prestataire dans le cadre de l\u2019ex\u00e9cution<br>des prestations reste la propri\u00e9t\u00e9 intellectuelle exclusive de ce dernier jusqu\u2019au paiement<br>int\u00e9gral du prix par le Client.<br>D\u00e8s lors, avant complet paiement du prix, toute reproduction, diffusion ou exploitation de tout<br>ou partie des r\u00e9sultats expose le client \u00e0 des poursuites et \u00e0 une demande d\u2019indemnisation.<br>A compter du paiement int\u00e9gral du prix par le client, celui-ci acquiert un droit d\u2019utilisation,<br>strictement personnel et non cessible sur les r\u00e9sultats.<\/p>\n\n\n\n<p><strong>9 \u2013 Confidentialit\u00e9<\/strong><\/p>\n\n\n\n<p>Le Prestataire s\u2019engage \u00e0 consid\u00e9rer comme strictement confidentiels et \u00e0 ne pas divulguer,<br>sans autorisation \u00e9crite pr\u00e9alable du Client, tous les documents, informations, donn\u00e9es ou<br>concepts, sous quelque forme que ce soit, dont il pourra avoir connaissance dans le cadre de<br>l\u2019ex\u00e9cution de la mission.<br>\u00c0 ce titre, il garantit que l\u2019ensemble de ses salari\u00e9s, collaborateurs, sous-traitants ou toute<br>autre personne impliqu\u00e9e dans la prestation respectera strictement cette obligation de<br>confidentialit\u00e9.<br>Il se porte fort du respect de cette obligation par ses salari\u00e9s et s\u2019engage \u00e0 prendre toutes les<br>mesures n\u00e9cessaires pour leur en assurer l\u2019application.<br>Le Prestataire sera responsable de toute violation de la confidentialit\u00e9 par l\u2019un de ses salari\u00e9s<br>ou collaborateurs.<br>Toutefois, le Prestataire ne saurait \u00eatre tenu pour responsable d\u2019aucune divulgation dans les<br>cas suivants :<\/p>\n\n\n\n<ul class=\"wp-block-list\">\n<li>les \u00e9l\u00e9ments divulgu\u00e9s \u00e9taient d\u00e9j\u00e0 dans le domaine public \u00e0 la date de leur communication,<\/li>\n\n\n\n<li>le Prestataire avait d\u00e9j\u00e0 connaissance des \u00e9l\u00e9ments divulgu\u00e9s par des moyens l\u00e9gitimes ;<\/li>\n\n\n\n<li>les informations ont \u00e9t\u00e9 obtenues de mani\u00e8re licite aupr\u00e8s de tiers autoris\u00e9s \u00e0 les divulguer.<\/li>\n<\/ul>\n\n\n\n<p>L\u2019obligation de confidentialit\u00e9 s\u2019applique pendant toute la dur\u00e9e de la mission et pour une<br>p\u00e9riode de cinq ans apr\u00e8s sa r\u00e9siliation ou son expiration, sauf disposition contraire pr\u00e9vue<br>par la loi.<\/p>\n\n\n\n<p><strong>10 \u2013 Responsabilit\u00e9 \u2013 Clause limitative de responsabilit\u00e9 &#8211; R\u00e9siliation<\/strong><\/p>\n\n\n\n<p><strong><em>10.1 \u2013 Responsabilit\u00e9<\/em><\/strong><\/p>\n\n\n\n<p>La responsabilit\u00e9 du Prestataire est celle d\u2019un prestataire de service assujetti \u00e0 une obligation<br>de moyens et s\u2019appr\u00e9cie conform\u00e9ment aux r\u00e8gles de l\u2019art dans les limites de la mission qui<br>lui a \u00e9t\u00e9 confi\u00e9e et dans le respect des dispositions l\u00e9gales et r\u00e8glementaires applicables.<br>D\u00e8s lors, le Prestataire ne pourra en aucun cas \u00eatre tenu responsable de tout dommage, quelle<br>qu\u2019en soit la nature, y compris en cas de perte, de refus ou de non-obtention d\u2019une certification,<br>accr\u00e9ditation ou tout autre agr\u00e9ment, qu\u2019il soit li\u00e9 directement ou indirectement \u00e0 la prestation<br>fournie.<\/p>\n\n\n\n<p><strong><em>10.2 \u2013 Clause limitative de responsabilit\u00e9<\/em><\/strong><\/p>\n\n\n\n<p>Le Client renonce express\u00e9ment \u00e0 rechercher la responsabilit\u00e9 du Prestataire en cas de<br>dommages affectant les fichiers du Client ou tout autre document confi\u00e9 par le Client au<br>Prestataire, en cas de dommages mat\u00e9riels pouvant survenir aux immeubles, installations,<br>mat\u00e9riels ou mobiliers du Client ou en cas de toute perte de b\u00e9n\u00e9fices, tout trouble commercial<br>ou toute r\u00e9clamation formul\u00e9e contre le Client par un tiers.<br>Sous peine de d\u00e9ch\u00e9ance de toute action s\u2019y rapportant, le Client devra informer le Prestataire<br>par \u00e9crit de toutes r\u00e9serves ou r\u00e9clamations dans un d\u00e9lai de trois (3) mois \u00e0 compter de<br>l\u2019ach\u00e8vement de la mission du Prestataire.<br>Dans le cas o\u00f9 la responsabilit\u00e9 du Prestataire venait \u00e0 \u00eatre reconnue, le montant maximum<br>de l\u2019indemnit\u00e9 qui pourrait \u00eatre vers\u00e9e au Client sera limit\u00e9e au montant des sommes<br>effectivement pay\u00e9es par ce dernier au titre des Services r\u00e9alis\u00e9s.<\/p>\n\n\n\n<p><strong><em>10.3 \u2013 R\u00e9siliation<\/em><\/strong><\/p>\n\n\n\n<p>Sans pr\u00e9judice des dispositions de l\u2019article 12 relatives \u00e0 la force majeure, le contrat conclu<br>entre le Prestataire et le Client pourra \u00eatre r\u00e9sili\u00e9 \u00e0 tout moment par l\u2019une ou l\u2019autre des parties,<br>sous r\u00e9serve d\u2019un pr\u00e9avis de quinze (15) jours, notifi\u00e9 par lettre recommand\u00e9e avec accus\u00e9<br>de r\u00e9ception.<br>Dans ce cas, les sommes d\u00e9j\u00e0 per\u00e7ues par le Prestataire lui resteront acquises. Le Client<br>pourra, par ailleurs, faire libre usage des informations qui lui auront \u00e9t\u00e9 communiqu\u00e9es ou des<br>documents d\u00e9j\u00e0 remis, sans aucune restriction.<\/p>\n\n\n\n<p><strong>11 \u2013 Impr\u00e9vision<\/strong><\/p>\n\n\n\n<p>Les pr\u00e9sentes conditions g\u00e9n\u00e9rales de services excluent express\u00e9ment le r\u00e9gime l\u00e9gal de<br>l&rsquo;impr\u00e9vision pr\u00e9vu \u00e0 l&rsquo;article 1195 du Code civil pour tous les Services r\u00e9alis\u00e9s par le<br>Prestataire.<\/p>\n\n\n\n<p><strong>12 \u2013 Force majeure<\/strong><\/p>\n\n\n\n<p>Les parties ne pourront \u00eatre tenues responsables si la non-ex\u00e9cution ou le retard de l\u2019ex\u00e9cution<br>de l\u2019une quelconque de leurs obligations, telles que d\u00e9crites dans les pr\u00e9sentes d\u00e9coule d\u2019un<br>cas de force majeure, au sens de l\u2019article 1218 du Code civil et de la jurisprudence applicable<br>en vertu dudit article.<br>Dans de telles circonstances, le Prestataire pr\u00e9viendra le Client par \u00e9crit dans les 48 heures<br>suivants la date de survenance des \u00e9v\u00e8nements. Le contrat liant le Prestataire et le Client sera<br>d\u00e8s lors suspendu de plein droit sans indemnit\u00e9 \u00e0 compter de la date de survenance de<br>l\u2019\u00e9v\u00e8nement.<br>Si l&rsquo;\u00e9v\u00e9nement constitutif de cas de force majeure venait \u00e0 durer plus de 30 jours \u00e0 compter<br>de la date de survenance de celui-ci, le contrat conclu entre le prestataire et le client pourra<br>\u00eatre r\u00e9sili\u00e9 par la partie la plus diligente, sans qu&rsquo;aucune des parties puisse pr\u00e9tendre \u00e0 l&rsquo;octroi<br>de dommages et int\u00e9r\u00eats.<\/p>\n\n\n\n<p>Cette r\u00e9siliation prendra effet \u00e0 la date de premi\u00e8re pr\u00e9sentation de la lettre recommand\u00e9e<br>avec accus\u00e9 de r\u00e9ception d\u00e9non\u00e7ant ledit contrat.<\/p>\n\n\n\n<p><strong>13 &#8211; Traitement des donn\u00e9es personnelles<\/strong><\/p>\n\n\n\n<p>Les donn\u00e9es \u00e0 caract\u00e8re personnel du Client font l\u2019objet par le Prestataire d\u2019un traitement aux<br>fins de gestion des contrats et de la relation client, notamment dans le cadre du traitement, de<br>l\u2019ex\u00e9cution et de la gestion des commandes, et de l&rsquo;\u00e9tablissement et du paiement des factures.<br>Sans pr\u00e9judice des obligations l\u00e9gales et r\u00e9glementaires pesant sur le Prestataire au titre de<br>l\u2019archivage et des prescriptions applicables en cas d\u2019\u00e9ventuels litiges, les donn\u00e9es<br>personnelles sont conserv\u00e9es pendant la dur\u00e9e de la relation avec le Client.<br>Les personnes concern\u00e9es disposent d&rsquo;un droit d&rsquo;acc\u00e8s permanent, de modification, de<br>rectification, d\u2019effacement, de portabilit\u00e9 et d&rsquo;opposition s&rsquo;agissant des informations les<br>concernant. Ce droit peut \u00eatre exerc\u00e9 en s\u2019adressant \u00e0 l\u2019adresse postale : Mme Agn\u00e8s<br>LIONNET \u2013 QUALISCOPE AUDIT &amp; CONSEIL, 16 Chemin de la Vidal\u00e8se, 81100 CASTRES,<br>ou \u00e0 l\u2019adresse \u00e9lectronique : <a href=\"mailto:agnes.lionnet@qualiscope-audit.com\">agnes.lionnet@qualiscope-audit.com<\/a>.<br>Les personnes concern\u00e9es sont \u00e9galement inform\u00e9es de leur droit d&rsquo;introduire le cas \u00e9ch\u00e9ant<br>une r\u00e9clamation aupr\u00e8s de la CNIL.<br>Un document intitul\u00e9 \u00ab Politique de confidentialit\u00e9 \u00bb pr\u00e9cisant les conditions de traitement des<br>donn\u00e9es personnelles est annex\u00e9 aux pr\u00e9sentes conditions g\u00e9n\u00e9rales de services.<\/p>\n\n\n\n<p><strong>14 &#8211; Droit applicable \u2013 Litiges \u2013 Juridiction comp\u00e9tente<\/strong><\/p>\n\n\n\n<p><strong>Les pr\u00e9sentes conditions g\u00e9n\u00e9rales de prestations de services et les op\u00e9rations qui en<br>d\u00e9coulent sont soumises \u00e0 l\u2019application du droit fran\u00e7ais.<br>En cas de litige relatif \u00e0 l\u2019interpr\u00e9tation ou \u00e0 l\u2019ex\u00e9cution de leurs accords, les parties<br>rechercheront, avant toute action contentieuse, un accord amiable.<br>Dans ce cas, les parties disposeront d\u2019un d\u00e9lai de 30 jours \u00e0 compter de la notification<br>\u00e9crite du litige par l\u2019une des parties \u00e0 l\u2019autre pour tenter de r\u00e9soudre de fa\u00e7on amiable<br>le litige.<br>A d\u00e9faut d\u2019un r\u00e8glement amiable du litige \u00e0 l\u2019expiration du d\u00e9lai de 30 jours susvis\u00e9,<br>tous diff\u00e9rends auxquels l\u2019application des pr\u00e9sentes conditions g\u00e9n\u00e9rales de<br>prestations de services pourraient donner lieu, concernant notamment leur<br>interpr\u00e9tation et leur ex\u00e9cution seront port\u00e9es devant le Tribunal de Commerce de<br>CASTRES (Tarn \u2013 France), qu\u2019il s\u2019agisse d\u2019une demande principale, d\u2019une demande<br>incidente, d\u2019une action au fond ou d\u2019un r\u00e9f\u00e9r\u00e9, et m\u00eame en cas d\u2019appel en garantie ou<br>de pluralit\u00e9 de d\u00e9fendeurs, et ce sans que les clauses attributives de juridiction pouvant<br>exister sur les documents des Clients puissent mettre obstacle \u00e0 l\u2019application de la<br>pr\u00e9sente clause.<\/strong><\/p>\n\n\n\n<p><\/p>\n","protected":false},"excerpt":{"rendered":"<p>CONDITIONS GENERALES DE PRESTATIONS DE SERVICESCLIENTS PROFESSIONNELS 1 &#8211; Champ d\u2019application \u2013 Acceptation et opposabilit\u00e9 Les pr\u00e9sentes conditions g\u00e9n\u00e9rales de prestations de services ont pour objet de r\u00e9gir lesrelations contractuelles entre Madame Agn\u00e8s LIONNET (\u00ab le Prestataire \u00bb), domicili\u00e9e 16,Chemin de la Vidal\u00e8se \u2013 81100 CASTRES (Tarn), exer\u00e7ant sous forme d\u2019entrepriseindividuelle (SIRET N\u00b0 94057838800016) sous [&hellip;]<\/p>\n","protected":false},"author":1,"featured_media":0,"parent":0,"menu_order":0,"comment_status":"closed","ping_status":"closed","template":"","meta":{"footnotes":""},"class_list":["post-117","page","type-page","status-publish","hentry"],"yoast_head":"<!-- This site is optimized with the Yoast SEO plugin v25.0 - https:\/\/yoast.com\/wordpress\/plugins\/seo\/ -->\n<title>CGV - Qualiscope<\/title>\n<meta name=\"description\" content=\"Qualiscope -\" \/>\n<meta name=\"robots\" content=\"index, follow, max-snippet:-1, max-image-preview:large, max-video-preview:-1\" \/>\n<link rel=\"canonical\" href=\"https:\/\/qualiscope-audit.com\/index.php\/cgv\/\" \/>\n<meta property=\"og:locale\" content=\"fr_FR\" \/>\n<meta property=\"og:type\" content=\"article\" \/>\n<meta property=\"og:title\" content=\"CGV - Qualiscope\" \/>\n<meta property=\"og:description\" content=\"Qualiscope -\" \/>\n<meta property=\"og:url\" content=\"https:\/\/qualiscope-audit.com\/index.php\/cgv\/\" \/>\n<meta property=\"og:site_name\" content=\"Qualiscope\" \/>\n<meta property=\"article:modified_time\" content=\"2025-03-25T11:44:35+00:00\" \/>\n<meta name=\"twitter:card\" content=\"summary_large_image\" \/>\n<meta name=\"twitter:label1\" content=\"Dur\u00e9e de lecture estim\u00e9e\" \/>\n\t<meta name=\"twitter:data1\" content=\"12 minutes\" \/>\n<script type=\"application\/ld+json\" class=\"yoast-schema-graph\">{\"@context\":\"https:\/\/schema.org\",\"@graph\":[{\"@type\":\"WebPage\",\"@id\":\"https:\/\/qualiscope-audit.com\/index.php\/cgv\/\",\"url\":\"https:\/\/qualiscope-audit.com\/index.php\/cgv\/\",\"name\":\"CGV - Qualiscope\",\"isPartOf\":{\"@id\":\"https:\/\/qualiscope-audit.com\/#website\"},\"datePublished\":\"2025-03-18T10:27:12+00:00\",\"dateModified\":\"2025-03-25T11:44:35+00:00\",\"description\":\"Qualiscope -\",\"breadcrumb\":{\"@id\":\"https:\/\/qualiscope-audit.com\/index.php\/cgv\/#breadcrumb\"},\"inLanguage\":\"fr-FR\",\"potentialAction\":[{\"@type\":\"ReadAction\",\"target\":[\"https:\/\/qualiscope-audit.com\/index.php\/cgv\/\"]}]},{\"@type\":\"BreadcrumbList\",\"@id\":\"https:\/\/qualiscope-audit.com\/index.php\/cgv\/#breadcrumb\",\"itemListElement\":[{\"@type\":\"ListItem\",\"position\":1,\"name\":\"Accueil\",\"item\":\"https:\/\/qualiscope-audit.com\/\"},{\"@type\":\"ListItem\",\"position\":2,\"name\":\"CGV\"}]},{\"@type\":\"WebSite\",\"@id\":\"https:\/\/qualiscope-audit.com\/#website\",\"url\":\"https:\/\/qualiscope-audit.com\/\",\"name\":\"Qualiscope audit & conseil\",\"description\":\"\",\"potentialAction\":[{\"@type\":\"SearchAction\",\"target\":{\"@type\":\"EntryPoint\",\"urlTemplate\":\"https:\/\/qualiscope-audit.com\/?s={search_term_string}\"},\"query-input\":{\"@type\":\"PropertyValueSpecification\",\"valueRequired\":true,\"valueName\":\"search_term_string\"}}],\"inLanguage\":\"fr-FR\"}]}<\/script>\n<!-- \/ Yoast SEO plugin. -->","yoast_head_json":{"title":"CGV - Qualiscope","description":"Qualiscope -","robots":{"index":"index","follow":"follow","max-snippet":"max-snippet:-1","max-image-preview":"max-image-preview:large","max-video-preview":"max-video-preview:-1"},"canonical":"https:\/\/qualiscope-audit.com\/index.php\/cgv\/","og_locale":"fr_FR","og_type":"article","og_title":"CGV - Qualiscope","og_description":"Qualiscope -","og_url":"https:\/\/qualiscope-audit.com\/index.php\/cgv\/","og_site_name":"Qualiscope","article_modified_time":"2025-03-25T11:44:35+00:00","twitter_card":"summary_large_image","twitter_misc":{"Dur\u00e9e de lecture estim\u00e9e":"12 minutes"},"schema":{"@context":"https:\/\/schema.org","@graph":[{"@type":"WebPage","@id":"https:\/\/qualiscope-audit.com\/index.php\/cgv\/","url":"https:\/\/qualiscope-audit.com\/index.php\/cgv\/","name":"CGV - Qualiscope","isPartOf":{"@id":"https:\/\/qualiscope-audit.com\/#website"},"datePublished":"2025-03-18T10:27:12+00:00","dateModified":"2025-03-25T11:44:35+00:00","description":"Qualiscope -","breadcrumb":{"@id":"https:\/\/qualiscope-audit.com\/index.php\/cgv\/#breadcrumb"},"inLanguage":"fr-FR","potentialAction":[{"@type":"ReadAction","target":["https:\/\/qualiscope-audit.com\/index.php\/cgv\/"]}]},{"@type":"BreadcrumbList","@id":"https:\/\/qualiscope-audit.com\/index.php\/cgv\/#breadcrumb","itemListElement":[{"@type":"ListItem","position":1,"name":"Accueil","item":"https:\/\/qualiscope-audit.com\/"},{"@type":"ListItem","position":2,"name":"CGV"}]},{"@type":"WebSite","@id":"https:\/\/qualiscope-audit.com\/#website","url":"https:\/\/qualiscope-audit.com\/","name":"Qualiscope audit & conseil","description":"","potentialAction":[{"@type":"SearchAction","target":{"@type":"EntryPoint","urlTemplate":"https:\/\/qualiscope-audit.com\/?s={search_term_string}"},"query-input":{"@type":"PropertyValueSpecification","valueRequired":true,"valueName":"search_term_string"}}],"inLanguage":"fr-FR"}]}},"_links":{"self":[{"href":"https:\/\/qualiscope-audit.com\/index.php\/wp-json\/wp\/v2\/pages\/117","targetHints":{"allow":["GET"]}}],"collection":[{"href":"https:\/\/qualiscope-audit.com\/index.php\/wp-json\/wp\/v2\/pages"}],"about":[{"href":"https:\/\/qualiscope-audit.com\/index.php\/wp-json\/wp\/v2\/types\/page"}],"author":[{"embeddable":true,"href":"https:\/\/qualiscope-audit.com\/index.php\/wp-json\/wp\/v2\/users\/1"}],"replies":[{"embeddable":true,"href":"https:\/\/qualiscope-audit.com\/index.php\/wp-json\/wp\/v2\/comments?post=117"}],"version-history":[{"count":5,"href":"https:\/\/qualiscope-audit.com\/index.php\/wp-json\/wp\/v2\/pages\/117\/revisions"}],"predecessor-version":[{"id":209,"href":"https:\/\/qualiscope-audit.com\/index.php\/wp-json\/wp\/v2\/pages\/117\/revisions\/209"}],"wp:attachment":[{"href":"https:\/\/qualiscope-audit.com\/index.php\/wp-json\/wp\/v2\/media?parent=117"}],"curies":[{"name":"wp","href":"https:\/\/api.w.org\/{rel}","templated":true}]}}