{"id":133,"date":"2025-03-18T11:48:10","date_gmt":"2025-03-18T10:48:10","guid":{"rendered":"https:\/\/qualiscope-audit.com\/?page_id=133"},"modified":"2025-05-12T10:33:26","modified_gmt":"2025-05-12T08:33:26","slug":"accueil-2","status":"publish","type":"page","link":"https:\/\/qualiscope-audit.com\/","title":{"rendered":"Accueil"},"content":{"rendered":"\n<div class=\"wp-block-columns is-layout-flex wp-container-core-columns-is-layout-9d6595d7 wp-block-columns-is-layout-flex\">\n<div class=\"wp-block-column is-layout-flow wp-block-column-is-layout-flow\" style=\"flex-basis:100%\">\n<div class=\"wp-block-columns are-vertically-aligned-center\">\n<div class=\"wp-block-column is-vertically-aligned-center\" style=\"flex-basis: 33.33%;\">\n<figure class=\"wp-block-image size-full is-resized\"><img decoding=\"async\" class=\"wp-image-173\" style=\"width: 243px; height: auto;\" src=\"https:\/\/qualiscope-audit.com\/wp-content\/uploads\/2025\/05\/portrait2.png\" alt=\"Agn\u00e8s LIONNET\" \/><\/figure>\n<\/div>\n<div class=\"wp-block-column is-vertically-aligned-center\" style=\"flex-basis: 66.66%;\">\n<h4 class=\"wp-block-heading has-text-align-center\">Management de la Qualit\u00e9 et Gestion de Projets<\/h4>\n<p class=\"has-text-align-center\">Vous avez besoin d\u2019un audit interne ou de faire auditer un de vos fournisseurs.<\/p>\n<p class=\"has-text-align-center\">Vous recherchez un accompagnement pour une certification.<\/p>\n<p class=\"has-text-align-center\">Vous souhaitez faire \u00e9valuer votre Syst\u00e8me de Management de la Qualit\u00e9.<\/p>\n<p class=\"has-text-align-center\">Vous voulez structurer votre d\u00e9marche qualit\u00e9.<\/p>\n<\/div>\n<\/div>\n<div class=\"section2\">\u00a0<\/div>\n\n\n\n<div class=\"wp-block-columns are-vertically-aligned-center is-layout-flex wp-container-core-columns-is-layout-9d6595d7 wp-block-columns-is-layout-flex\">\n<div class=\"wp-block-column is-vertically-aligned-center is-layout-flow wp-block-column-is-layout-flow\">\n<div class=\"wp-block-buttons is-content-justification-center is-layout-flex wp-container-core-buttons-is-layout-d9cd0f1e wp-block-buttons-is-layout-flex\">\n<div class=\"wp-block-button btone\"><a class=\"wp-block-button__link wp-element-button\" href=\"https:\/\/qualiscope-audit.com\/index.php\/contact\/\">Contactez-moi !<\/a><\/div>\n<\/div>\n<\/div>\n<\/div>\n<\/div>\n<\/div>\n\n\n\n<h2 class=\"wp-block-heading has-text-align-center\">Nos services<\/h2>\n\n\n\n<p><strong>Nous proposons une gamme compl\u00e8te de services pour r\u00e9pondre \u00e0 vos besoins en mati\u00e8re de qualit\u00e9 :<\/strong><\/p>\n\n\n\n<h3 class=\"wp-block-heading\">Conseil \/ Accompagnement Qualit\u00e9 :<\/h3>\n\n\n\n<ul class=\"wp-block-list\">\n<li>Responsable Qualit\u00e9 \u00e0 temps partag\u00e9, externalisation de la fonction<\/li>\n\n\n\n<li>Optimisation de votre Syst\u00e8me de Management de la Qualit\u00e9<\/li>\n\n\n\n<li>Accompagnement vers la certification (ISO 9001)<\/li>\n\n\n\n<li>Mise en conformit\u00e9 de votre Syst\u00e8me de Management de la Qualit\u00e9<\/li>\n<\/ul>\n\n\n\n<h3 class=\"wp-block-heading\">Audit &amp; Diagnostic :<\/h3>\n\n\n\n<ul class=\"wp-block-list\">\n<li>Diagnostic Qualit\u00e9 &amp; organisationnel<\/li>\n\n\n\n<li>Audit interne (ou Audit premi\u00e8re partie)<\/li>\n\n\n\n<li>Audit fournisseurs (ou Audit seconde partie)<\/li>\n<\/ul>\n\n\n\n<h2 class=\"wp-block-heading has-text-align-center\">Nos comp\u00e9tences<\/h2>\n\n\n\n<p class=\"has-text-align-center\">Nous ma\u00eetrisons les outils et les m\u00e9thodes n\u00e9cessaires pour am\u00e9liorer la qualit\u00e9 de vos produits et de vos services. Nous sommes \u00e9galement comp\u00e9tents dans la gestion de projets, la communication et la n\u00e9gociation.<\/p>\n\n\n<div class=\"section3\"><\/div>\n\n\n<h2 class=\"wp-block-heading has-text-align-center\">Nos valeurs<\/h2>\n\n\n\n<p class=\"has-text-align-center\">Nous sommes attach\u00e9s \u00e0 la satisfaction de nos clients, \u00e0 la qualit\u00e9 de nos prestations et au respect des d\u00e9lais. Nous sommes \u00e9galement soucieux de l\u2019environnement et de la s\u00e9curit\u00e9.<\/p>\n\n\n\n<p class=\"has-text-align-center\">N\u2019h\u00e9sitez pas \u00e0 nous contacter pour discuter de vos besoins et de vos projets. Nous serons ravis de vous accompagner dans votre d\u00e9marche d\u2019am\u00e9lioration continue.<\/p>\n\n\n\n<div class=\"wp-block-buttons is-content-justification-center is-layout-flex wp-container-core-buttons-is-layout-16018d1d wp-block-buttons-is-layout-flex\">\n<div class=\"wp-block-button\"><a class=\"wp-block-button__link has-text-align-center wp-element-button\" href=\"https:\/\/qualiscope-audit.com\/index.php\/contact\/\">Contactez-moi !<\/a><\/div>\n<\/div>\n","protected":false},"excerpt":{"rendered":"<p>Management de la Qualit\u00e9 et Gestion de Projets Vous avez besoin d\u2019un audit interne ou de faire auditer un de vos fournisseurs. Vous recherchez un accompagnement pour une certification. Vous souhaitez faire \u00e9valuer votre Syst\u00e8me de Management de la Qualit\u00e9. Vous voulez structurer votre d\u00e9marche qualit\u00e9. \u00a0 Nos services Nous proposons une gamme compl\u00e8te de [&hellip;]<\/p>\n","protected":false},"author":1,"featured_media":0,"parent":0,"menu_order":0,"comment_status":"closed","ping_status":"closed","template":"","meta":{"footnotes":""},"class_list":["post-133","page","type-page","status-publish","hentry"],"yoast_head":"<!-- This site is optimized with the Yoast SEO plugin v25.0 - https:\/\/yoast.com\/wordpress\/plugins\/seo\/ -->\n<title>Accueil - Qualiscope<\/title>\n<meta name=\"description\" content=\"Qualiscope -\" \/>\n<meta name=\"robots\" content=\"index, follow, max-snippet:-1, max-image-preview:large, max-video-preview:-1\" \/>\n<link rel=\"canonical\" href=\"https:\/\/qualiscope-audit.com\/\" \/>\n<meta property=\"og:locale\" content=\"fr_FR\" \/>\n<meta property=\"og:type\" content=\"article\" \/>\n<meta property=\"og:title\" content=\"Accueil - Qualiscope\" \/>\n<meta property=\"og:description\" content=\"Qualiscope -\" \/>\n<meta property=\"og:url\" content=\"https:\/\/qualiscope-audit.com\/\" \/>\n<meta property=\"og:site_name\" content=\"Qualiscope\" \/>\n<meta property=\"article:modified_time\" content=\"2025-05-12T08:33:26+00:00\" \/>\n<meta property=\"og:image\" content=\"https:\/\/qualiscope-audit.com\/wp-content\/uploads\/2025\/03\/portrait.png\" \/>\n\t<meta property=\"og:image:width\" content=\"445\" \/>\n\t<meta property=\"og:image:height\" content=\"445\" \/>\n\t<meta property=\"og:image:type\" content=\"image\/png\" \/>\n<meta name=\"twitter:card\" content=\"summary_large_image\" \/>\n<meta name=\"twitter:label1\" content=\"Dur\u00e9e de lecture estim\u00e9e\" \/>\n\t<meta name=\"twitter:data1\" content=\"2 minutes\" \/>\n<script type=\"application\/ld+json\" class=\"yoast-schema-graph\">{\"@context\":\"https:\/\/schema.org\",\"@graph\":[{\"@type\":\"WebPage\",\"@id\":\"https:\/\/qualiscope-audit.com\/\",\"url\":\"https:\/\/qualiscope-audit.com\/\",\"name\":\"Accueil - Qualiscope\",\"isPartOf\":{\"@id\":\"https:\/\/qualiscope-audit.com\/#website\"},\"primaryImageOfPage\":{\"@id\":\"https:\/\/qualiscope-audit.com\/#primaryimage\"},\"image\":{\"@id\":\"https:\/\/qualiscope-audit.com\/#primaryimage\"},\"thumbnailUrl\":\"https:\/\/qualiscope-audit.com\/wp-content\/uploads\/2025\/05\/portrait2.png\",\"datePublished\":\"2025-03-18T10:48:10+00:00\",\"dateModified\":\"2025-05-12T08:33:26+00:00\",\"description\":\"Qualiscope -\",\"breadcrumb\":{\"@id\":\"https:\/\/qualiscope-audit.com\/#breadcrumb\"},\"inLanguage\":\"fr-FR\",\"potentialAction\":[{\"@type\":\"ReadAction\",\"target\":[\"https:\/\/qualiscope-audit.com\/\"]}]},{\"@type\":\"ImageObject\",\"inLanguage\":\"fr-FR\",\"@id\":\"https:\/\/qualiscope-audit.com\/#primaryimage\",\"url\":\"https:\/\/qualiscope-audit.com\/wp-content\/uploads\/2025\/03\/portrait.png\",\"contentUrl\":\"https:\/\/qualiscope-audit.com\/wp-content\/uploads\/2025\/03\/portrait.png\",\"width\":445,\"height\":445,\"caption\":\"Agn\u00e8s LIONNET\"},{\"@type\":\"BreadcrumbList\",\"@id\":\"https:\/\/qualiscope-audit.com\/#breadcrumb\",\"itemListElement\":[{\"@type\":\"ListItem\",\"position\":1,\"name\":\"Accueil\",\"item\":\"https:\/\/qualiscope-audit.com\/\"},{\"@type\":\"ListItem\",\"position\":2,\"name\":\"Accueil\"}]},{\"@type\":\"WebSite\",\"@id\":\"https:\/\/qualiscope-audit.com\/#website\",\"url\":\"https:\/\/qualiscope-audit.com\/\",\"name\":\"Qualiscope audit & conseil\",\"description\":\"\",\"potentialAction\":[{\"@type\":\"SearchAction\",\"target\":{\"@type\":\"EntryPoint\",\"urlTemplate\":\"https:\/\/qualiscope-audit.com\/?s={search_term_string}\"},\"query-input\":{\"@type\":\"PropertyValueSpecification\",\"valueRequired\":true,\"valueName\":\"search_term_string\"}}],\"inLanguage\":\"fr-FR\"}]}<\/script>\n<!-- \/ Yoast SEO plugin. -->","yoast_head_json":{"title":"Accueil - Qualiscope","description":"Qualiscope -","robots":{"index":"index","follow":"follow","max-snippet":"max-snippet:-1","max-image-preview":"max-image-preview:large","max-video-preview":"max-video-preview:-1"},"canonical":"https:\/\/qualiscope-audit.com\/","og_locale":"fr_FR","og_type":"article","og_title":"Accueil - Qualiscope","og_description":"Qualiscope -","og_url":"https:\/\/qualiscope-audit.com\/","og_site_name":"Qualiscope","article_modified_time":"2025-05-12T08:33:26+00:00","og_image":[{"width":445,"height":445,"url":"https:\/\/qualiscope-audit.com\/wp-content\/uploads\/2025\/03\/portrait.png","type":"image\/png"}],"twitter_card":"summary_large_image","twitter_misc":{"Dur\u00e9e de lecture estim\u00e9e":"2 minutes"},"schema":{"@context":"https:\/\/schema.org","@graph":[{"@type":"WebPage","@id":"https:\/\/qualiscope-audit.com\/","url":"https:\/\/qualiscope-audit.com\/","name":"Accueil - Qualiscope","isPartOf":{"@id":"https:\/\/qualiscope-audit.com\/#website"},"primaryImageOfPage":{"@id":"https:\/\/qualiscope-audit.com\/#primaryimage"},"image":{"@id":"https:\/\/qualiscope-audit.com\/#primaryimage"},"thumbnailUrl":"https:\/\/qualiscope-audit.com\/wp-content\/uploads\/2025\/05\/portrait2.png","datePublished":"2025-03-18T10:48:10+00:00","dateModified":"2025-05-12T08:33:26+00:00","description":"Qualiscope -","breadcrumb":{"@id":"https:\/\/qualiscope-audit.com\/#breadcrumb"},"inLanguage":"fr-FR","potentialAction":[{"@type":"ReadAction","target":["https:\/\/qualiscope-audit.com\/"]}]},{"@type":"ImageObject","inLanguage":"fr-FR","@id":"https:\/\/qualiscope-audit.com\/#primaryimage","url":"https:\/\/qualiscope-audit.com\/wp-content\/uploads\/2025\/03\/portrait.png","contentUrl":"https:\/\/qualiscope-audit.com\/wp-content\/uploads\/2025\/03\/portrait.png","width":445,"height":445,"caption":"Agn\u00e8s LIONNET"},{"@type":"BreadcrumbList","@id":"https:\/\/qualiscope-audit.com\/#breadcrumb","itemListElement":[{"@type":"ListItem","position":1,"name":"Accueil","item":"https:\/\/qualiscope-audit.com\/"},{"@type":"ListItem","position":2,"name":"Accueil"}]},{"@type":"WebSite","@id":"https:\/\/qualiscope-audit.com\/#website","url":"https:\/\/qualiscope-audit.com\/","name":"Qualiscope audit & conseil","description":"","potentialAction":[{"@type":"SearchAction","target":{"@type":"EntryPoint","urlTemplate":"https:\/\/qualiscope-audit.com\/?s={search_term_string}"},"query-input":{"@type":"PropertyValueSpecification","valueRequired":true,"valueName":"search_term_string"}}],"inLanguage":"fr-FR"}]}},"_links":{"self":[{"href":"https:\/\/qualiscope-audit.com\/index.php\/wp-json\/wp\/v2\/pages\/133","targetHints":{"allow":["GET"]}}],"collection":[{"href":"https:\/\/qualiscope-audit.com\/index.php\/wp-json\/wp\/v2\/pages"}],"about":[{"href":"https:\/\/qualiscope-audit.com\/index.php\/wp-json\/wp\/v2\/types\/page"}],"author":[{"embeddable":true,"href":"https:\/\/qualiscope-audit.com\/index.php\/wp-json\/wp\/v2\/users\/1"}],"replies":[{"embeddable":true,"href":"https:\/\/qualiscope-audit.com\/index.php\/wp-json\/wp\/v2\/comments?post=133"}],"version-history":[{"count":51,"href":"https:\/\/qualiscope-audit.com\/index.php\/wp-json\/wp\/v2\/pages\/133\/revisions"}],"predecessor-version":[{"id":290,"href":"https:\/\/qualiscope-audit.com\/index.php\/wp-json\/wp\/v2\/pages\/133\/revisions\/290"}],"wp:attachment":[{"href":"https:\/\/qualiscope-audit.com\/index.php\/wp-json\/wp\/v2\/media?parent=133"}],"curies":[{"name":"wp","href":"https:\/\/api.w.org\/{rel}","templated":true}]}}